{"id":1198,"date":"2017-02-03T08:25:54","date_gmt":"2017-02-03T08:25:54","guid":{"rendered":"https:\/\/normelektronik.net\/?page_id=1198"},"modified":"2024-08-25T15:36:35","modified_gmt":"2024-08-25T15:36:35","slug":"contact","status":"publish","type":"page","link":"https:\/\/normelektronik.net\/en\/contact\/","title":{"rendered":"Contact"},"content":{"rendered":"","protected":false},"excerpt":{"rendered":"","protected":false},"author":1,"featured_media":0,"parent":0,"menu_order":30,"comment_status":"open","ping_status":"closed","template":"","meta":{"_coblocks_attr":"","_coblocks_dimensions":"","_coblocks_responsive_height":"","_coblocks_accordion_ie_support":"","footnotes":""},"class_list":["post-1198","page","type-page","status-publish","hentry"],"yoast_head":"<!-- This site is optimized with the Yoast SEO plugin v22.7 - https:\/\/yoast.com\/wordpress\/plugins\/seo\/ -->\n<title>Contact - Norm Elektronik<\/title>\n<meta name=\"robots\" content=\"index, follow, max-snippet:-1, max-image-preview:large, max-video-preview:-1\" \/>\n<link rel=\"canonical\" href=\"https:\/\/normelektronik.net\/iletisim\/\" \/>\n<meta property=\"og:locale\" content=\"en_US\" \/>\n<meta property=\"og:type\" content=\"article\" \/>\n<meta property=\"og:title\" content=\"Contact - Norm Elektronik\" \/>\n<meta property=\"og:url\" content=\"https:\/\/normelektronik.net\/iletisim\/\" \/>\n<meta property=\"og:site_name\" content=\"Norm Elektronik\" \/>\n<meta property=\"article:modified_time\" content=\"2024-08-25T15:36:35+00:00\" \/>\n<meta name=\"twitter:card\" content=\"summary_large_image\" \/>\n<script type=\"application\/ld+json\" class=\"yoast-schema-graph\">{\"@context\":\"https:\/\/schema.org\",\"@graph\":[{\"@type\":\"WebPage\",\"@id\":\"https:\/\/normelektronik.net\/iletisim\/\",\"url\":\"https:\/\/normelektronik.net\/iletisim\/\",\"name\":\"Contact - Norm Elektronik\",\"isPartOf\":{\"@id\":\"https:\/\/normelektronik.net\/#website\"},\"datePublished\":\"2017-02-03T08:25:54+00:00\",\"dateModified\":\"2024-08-25T15:36:35+00:00\",\"breadcrumb\":{\"@id\":\"https:\/\/normelektronik.net\/iletisim\/#breadcrumb\"},\"inLanguage\":\"en-US\",\"potentialAction\":[{\"@type\":\"ReadAction\",\"target\":[\"https:\/\/normelektronik.net\/iletisim\/\"]}]},{\"@type\":\"BreadcrumbList\",\"@id\":\"https:\/\/normelektronik.net\/iletisim\/#breadcrumb\",\"itemListElement\":[{\"@type\":\"ListItem\",\"position\":1,\"name\":\"Home\",\"item\":\"https:\/\/normelektronik.net\/en\/\"},{\"@type\":\"ListItem\",\"position\":2,\"name\":\"Contact\"}]},{\"@type\":\"WebSite\",\"@id\":\"https:\/\/normelektronik.net\/#website\",\"url\":\"https:\/\/normelektronik.net\/\",\"name\":\"Norm Elektronik\",\"description\":\"Norm Elektronik Sanayi ve D\u0131\u015f Ticaret A.\u015e. 1997 Y\u0131l\u0131nda Ankara\u2019da kurulan elektronik Ar-Ge tabanl\u0131; \u00dcretici, ithalat\u00e7\u0131 ve ihracat\u00e7\u0131 bir \u015firkettir.\",\"publisher\":{\"@id\":\"https:\/\/normelektronik.net\/#organization\"},\"potentialAction\":[{\"@type\":\"SearchAction\",\"target\":{\"@type\":\"EntryPoint\",\"urlTemplate\":\"https:\/\/normelektronik.net\/?s={search_term_string}\"},\"query-input\":\"required name=search_term_string\"}],\"inLanguage\":\"en-US\"},{\"@type\":\"Organization\",\"@id\":\"https:\/\/normelektronik.net\/#organization\",\"name\":\"Norm Elektronik\",\"url\":\"https:\/\/normelektronik.net\/\",\"logo\":{\"@type\":\"ImageObject\",\"inLanguage\":\"en-US\",\"@id\":\"https:\/\/normelektronik.net\/#\/schema\/logo\/image\/\",\"url\":\"https:\/\/normelektronik.net\/wp-content\/uploads\/2024\/05\/normelektroniklogo.png\",\"contentUrl\":\"https:\/\/normelektronik.net\/wp-content\/uploads\/2024\/05\/normelektroniklogo.png\",\"width\":270,\"height\":62,\"caption\":\"Norm Elektronik\"},\"image\":{\"@id\":\"https:\/\/normelektronik.net\/#\/schema\/logo\/image\/\"}}]}<\/script>\n<!-- \/ Yoast SEO plugin. -->","yoast_head_json":{"title":"Contact - Norm Elektronik","robots":{"index":"index","follow":"follow","max-snippet":"max-snippet:-1","max-image-preview":"max-image-preview:large","max-video-preview":"max-video-preview:-1"},"canonical":"https:\/\/normelektronik.net\/iletisim\/","og_locale":"en_US","og_type":"article","og_title":"Contact - Norm Elektronik","og_url":"https:\/\/normelektronik.net\/iletisim\/","og_site_name":"Norm Elektronik","article_modified_time":"2024-08-25T15:36:35+00:00","twitter_card":"summary_large_image","schema":{"@context":"https:\/\/schema.org","@graph":[{"@type":"WebPage","@id":"https:\/\/normelektronik.net\/iletisim\/","url":"https:\/\/normelektronik.net\/iletisim\/","name":"Contact - Norm Elektronik","isPartOf":{"@id":"https:\/\/normelektronik.net\/#website"},"datePublished":"2017-02-03T08:25:54+00:00","dateModified":"2024-08-25T15:36:35+00:00","breadcrumb":{"@id":"https:\/\/normelektronik.net\/iletisim\/#breadcrumb"},"inLanguage":"en-US","potentialAction":[{"@type":"ReadAction","target":["https:\/\/normelektronik.net\/iletisim\/"]}]},{"@type":"BreadcrumbList","@id":"https:\/\/normelektronik.net\/iletisim\/#breadcrumb","itemListElement":[{"@type":"ListItem","position":1,"name":"Home","item":"https:\/\/normelektronik.net\/en\/"},{"@type":"ListItem","position":2,"name":"Contact"}]},{"@type":"WebSite","@id":"https:\/\/normelektronik.net\/#website","url":"https:\/\/normelektronik.net\/","name":"Norm Elektronik","description":"Norm Elektronik Sanayi ve D\u0131\u015f Ticaret A.\u015e. 1997 Y\u0131l\u0131nda Ankara\u2019da kurulan elektronik Ar-Ge tabanl\u0131; \u00dcretici, ithalat\u00e7\u0131 ve ihracat\u00e7\u0131 bir \u015firkettir.","publisher":{"@id":"https:\/\/normelektronik.net\/#organization"},"potentialAction":[{"@type":"SearchAction","target":{"@type":"EntryPoint","urlTemplate":"https:\/\/normelektronik.net\/?s={search_term_string}"},"query-input":"required name=search_term_string"}],"inLanguage":"en-US"},{"@type":"Organization","@id":"https:\/\/normelektronik.net\/#organization","name":"Norm Elektronik","url":"https:\/\/normelektronik.net\/","logo":{"@type":"ImageObject","inLanguage":"en-US","@id":"https:\/\/normelektronik.net\/#\/schema\/logo\/image\/","url":"https:\/\/normelektronik.net\/wp-content\/uploads\/2024\/05\/normelektroniklogo.png","contentUrl":"https:\/\/normelektronik.net\/wp-content\/uploads\/2024\/05\/normelektroniklogo.png","width":270,"height":62,"caption":"Norm Elektronik"},"image":{"@id":"https:\/\/normelektronik.net\/#\/schema\/logo\/image\/"}}]}},"_links":{"self":[{"href":"https:\/\/normelektronik.net\/en\/wp-json\/wp\/v2\/pages\/1198","targetHints":{"allow":["GET"]}}],"collection":[{"href":"https:\/\/normelektronik.net\/en\/wp-json\/wp\/v2\/pages"}],"about":[{"href":"https:\/\/normelektronik.net\/en\/wp-json\/wp\/v2\/types\/page"}],"author":[{"embeddable":true,"href":"https:\/\/normelektronik.net\/en\/wp-json\/wp\/v2\/users\/1"}],"replies":[{"embeddable":true,"href":"https:\/\/normelektronik.net\/en\/wp-json\/wp\/v2\/comments?post=1198"}],"version-history":[{"count":1,"href":"https:\/\/normelektronik.net\/en\/wp-json\/wp\/v2\/pages\/1198\/revisions"}],"predecessor-version":[{"id":1199,"href":"https:\/\/normelektronik.net\/en\/wp-json\/wp\/v2\/pages\/1198\/revisions\/1199"}],"wp:attachment":[{"href":"https:\/\/normelektronik.net\/en\/wp-json\/wp\/v2\/media?parent=1198"}],"curies":[{"name":"wp","href":"https:\/\/api.w.org\/{rel}","templated":true}]}}